{"id":1512,"date":"2023-11-07T09:08:11","date_gmt":"2023-11-07T09:08:11","guid":{"rendered":"https:\/\/nogueiraeribeiro.pt\/politica-de-privacidade\/"},"modified":"2024-01-18T11:34:15","modified_gmt":"2024-01-18T11:34:15","slug":"politica-de-privacidade","status":"publish","type":"page","link":"https:\/\/nogueiraeribeiro.pt\/en\/politica-de-privacidade\/","title":{"rendered":"Pol\u00edtica de Privacidade"},"content":{"rendered":"\t\t<div data-elementor-type=\"wp-page\" data-elementor-id=\"1512\" class=\"elementor elementor-1512 elementor-486\" data-elementor-post-type=\"page\">\n\t\t\t\t<div class=\"elementor-element elementor-element-109772e e-flex e-con-boxed e-con e-parent\" data-id=\"109772e\" data-element_type=\"container\" data-settings=\"{&quot;background_background&quot;:&quot;classic&quot;}\">\n\t\t\t\t\t<div class=\"e-con-inner\">\n\t\t\t\t<div class=\"elementor-element elementor-element-8be4aee elementor-widget elementor-widget-heading\" data-id=\"8be4aee\" data-element_type=\"widget\" data-widget_type=\"heading.default\">\n\t\t\t\t<div class=\"elementor-widget-container\">\n\t\t\t<h2 class=\"elementor-heading-title elementor-size-default\">Pol\u00edtica de Privacidade<\/h2>\t\t<\/div>\n\t\t\t\t<\/div>\n\t\t\t\t<div class=\"elementor-element elementor-element-b190910 elementor-widget elementor-widget-text-editor\" data-id=\"b190910\" data-element_type=\"widget\" data-widget_type=\"text-editor.default\">\n\t\t\t\t<div class=\"elementor-widget-container\">\n\t\t\t\t\t\t\t<p>Amet minim mollit non deserunt ullamco est sit aliqua dolor do amet sint. Velit officia consequat duis enim velit mollit. Exercitation veniam consequat sunt nostrud amet. Ullamco laboris nisi ut aliquip ex ea commodo consequat. Duis aute irure dolor in reprehenderit in voluptate velit esse cillum dolore eu fugiat nulla pariatur.<\/p>\n\t\t\t\t\t\t<\/div>\n\t\t\t\t<\/div>\n\t\t\t\t<div class=\"elementor-element elementor-element-a545391 elementor-widget elementor-widget-heading\" data-id=\"a545391\" data-element_type=\"widget\" data-widget_type=\"heading.default\">\n\t\t\t\t<div class=\"elementor-widget-container\">\n\t\t\t<h2 class=\"elementor-heading-title elementor-size-default\">Quem somos<\/h2>\t\t<\/div>\n\t\t\t\t<\/div>\n\t\t\t\t<div class=\"elementor-element elementor-element-b000bc1 elementor-widget elementor-widget-text-editor\" data-id=\"b000bc1\" data-element_type=\"widget\" data-widget_type=\"text-editor.default\">\n\t\t\t\t<div class=\"elementor-widget-container\">\n\t\t\t\t\t\t\t<p>Amet minim mollit non deserunt ullamco est sit aliqua dolor do amet sint <a href=\"https:\/\/nogueiraeribeiro.com\">https:\/\/nogueiraeribeiro.com<\/a>.<\/p>\n\t\t\t\t\t\t<\/div>\n\t\t\t\t<\/div>\n\t\t\t\t<div class=\"elementor-element elementor-element-1d350d7 elementor-widget elementor-widget-heading\" data-id=\"1d350d7\" data-element_type=\"widget\" data-widget_type=\"heading.default\">\n\t\t\t\t<div class=\"elementor-widget-container\">\n\t\t\t<h2 class=\"elementor-heading-title elementor-size-default\">Media<\/h2>\t\t<\/div>\n\t\t\t\t<\/div>\n\t\t\t\t<div class=\"elementor-element elementor-element-c544475 elementor-widget elementor-widget-text-editor\" data-id=\"c544475\" data-element_type=\"widget\" data-widget_type=\"text-editor.default\">\n\t\t\t\t<div class=\"elementor-widget-container\">\n\t\t\t\t\t\t\t<p>Amet minim mollit non deserunt ullamco est sit aliqua dolor do amet sint. Velit officia consequat duis enim velit mollit. Exercitation veniam consequat sunt nostrud amet. Ullamco laboris nisi ut aliquip ex ea commodo consequat. Duis aute irure dolor in reprehenderit in voluptate velit esse cillum dolore eu fugiat nulla pariatur.<\/p>\n\t\t\t\t\t\t<\/div>\n\t\t\t\t<\/div>\n\t\t\t\t<div class=\"elementor-element elementor-element-da01f43 elementor-widget elementor-widget-heading\" data-id=\"da01f43\" data-element_type=\"widget\" data-widget_type=\"heading.default\">\n\t\t\t\t<div class=\"elementor-widget-container\">\n\t\t\t<h2 class=\"elementor-heading-title elementor-size-default\">Cookies<\/h2>\t\t<\/div>\n\t\t\t\t<\/div>\n\t\t\t\t<div class=\"elementor-element elementor-element-99098d6 elementor-widget elementor-widget-text-editor\" data-id=\"99098d6\" data-element_type=\"widget\" data-widget_type=\"text-editor.default\">\n\t\t\t\t<div class=\"elementor-widget-container\">\n\t\t\t\t\t\t\t<p>Amet minim mollit non deserunt ullamco est sit aliqua dolor do amet sint. Velit officia consequat duis enim velit mollit. Exercitation veniam consequat sunt nostrud amet. Ullamco laboris nisi ut aliquip ex ea commodo consequat. Duis aute irure dolor in reprehenderit in voluptate velit esse cillum dolore eu fugiat nulla pariatur.<\/p>\n\t\t\t\t\t\t<\/div>\n\t\t\t\t<\/div>\n\t\t\t\t<div class=\"elementor-element elementor-element-25947b9 elementor-widget elementor-widget-heading\" data-id=\"25947b9\" data-element_type=\"widget\" data-widget_type=\"heading.default\">\n\t\t\t\t<div class=\"elementor-widget-container\">\n\t\t\t<h2 class=\"elementor-heading-title elementor-size-default\">Conte\u00fado de outros websites<\/h2>\t\t<\/div>\n\t\t\t\t<\/div>\n\t\t\t\t<div class=\"elementor-element elementor-element-710e004 elementor-widget elementor-widget-text-editor\" data-id=\"710e004\" data-element_type=\"widget\" data-widget_type=\"text-editor.default\">\n\t\t\t\t<div class=\"elementor-widget-container\">\n\t\t\t\t\t\t\t<p>Amet minim mollit non deserunt ullamco est sit aliqua dolor do amet sint. Velit officia consequat duis enim velit mollit. Exercitation veniam consequat sunt nostrud amet. Ullamco laboris nisi ut aliquip ex ea commodo consequat. Duis aute irure dolor in reprehenderit in voluptate velit esse cillum dolore eu fugiat nulla pariatur.<\/p>\n\t\t\t\t\t\t<\/div>\n\t\t\t\t<\/div>\n\t\t\t\t<div class=\"elementor-element elementor-element-ba29095 elementor-widget elementor-widget-heading\" data-id=\"ba29095\" data-element_type=\"widget\" data-widget_type=\"heading.default\">\n\t\t\t\t<div class=\"elementor-widget-container\">\n\t\t\t<h2 class=\"elementor-heading-title elementor-size-default\">Com quem partilhamos a sua informa\u00e7\u00e3o<\/h2>\t\t<\/div>\n\t\t\t\t<\/div>\n\t\t\t\t<div class=\"elementor-element elementor-element-5da82e6 elementor-widget elementor-widget-text-editor\" data-id=\"5da82e6\" data-element_type=\"widget\" data-widget_type=\"text-editor.default\">\n\t\t\t\t<div class=\"elementor-widget-container\">\n\t\t\t\t\t\t\t<p>Amet minim mollit non deserunt ullamco est sit aliqua dolor do amet sint. Velit officia consequat duis enim velit mollit. Exercitation veniam consequat sunt nostrud amet. Ullamco laboris nisi ut aliquip ex ea commodo consequat. Duis aute irure dolor in reprehenderit in voluptate velit esse cillum dolore eu fugiat nulla pariatur.<\/p>\n\t\t\t\t\t\t<\/div>\n\t\t\t\t<\/div>\n\t\t\t\t\t<\/div>\n\t\t\t\t<\/div>\n\t\t<div class=\"elementor-element elementor-element-7cb3705 e-flex e-con-boxed e-con e-parent\" data-id=\"7cb3705\" data-element_type=\"container\" data-settings=\"{&quot;position&quot;:&quot;fixed&quot;}\">\n\t\t\t\t\t<div class=\"e-con-inner\">\n\t\t\t\t<div class=\"elementor-element elementor-element-2225694 elementor-widget elementor-widget-template\" data-id=\"2225694\" data-element_type=\"widget\" data-widget_type=\"template.default\">\n\t\t\t\t<div class=\"elementor-widget-container\">\n\t\t\t\t\t<div class=\"elementor-template\">\n\t\t\t\t\t<div data-elementor-type=\"container\" data-elementor-id=\"341\" class=\"elementor elementor-341\" data-elementor-post-type=\"elementor_library\">\n\t\t\t\t<div class=\"elementor-element elementor-element-a9e345e elementor-hidden-tablet elementor-hidden-mobile e-flex e-con-boxed e-con e-parent\" data-id=\"a9e345e\" data-element_type=\"container\">\n\t\t\t\t\t<div class=\"e-con-inner\">\n\t\t\t\t<div class=\"elementor-element elementor-element-633390b elementor-view-framed elementor-shape-square telefone elementor-position-top elementor-mobile-position-top elementor-widget elementor-widget-icon-box\" data-id=\"633390b\" data-element_type=\"widget\" data-widget_type=\"icon-box.default\">\n\t\t\t\t<div class=\"elementor-widget-container\">\n\t\t\t\t\t<div class=\"elementor-icon-box-wrapper\">\n\n\t\t\t\t\t\t<div class=\"elementor-icon-box-icon\">\n\t\t\t\t<a href=\"tel:+351255721205\" class=\"elementor-icon elementor-animation-\" tabindex=\"-1\">\n\t\t\t\t<svg xmlns=\"http:\/\/www.w3.org\/2000\/svg\" width=\"36\" height=\"36\" viewBox=\"0 0 36 36\" fill=\"none\"><path d=\"M30 25.596C30 26.028 29.9039 26.472 29.6995 26.904C29.4952 27.336 29.2308 27.744 28.8823 28.128C28.2934 28.776 27.6445 29.244 26.9114 29.544C26.1903 29.844 25.4091 30 24.5679 30C23.342 30 22.032 29.712 20.65 29.124C19.2679 28.536 17.8858 27.744 16.5158 26.748C15.1194 25.7281 13.8017 24.605 12.5739 23.388C11.3586 22.1664 10.2377 20.8547 9.22083 19.464C8.23535 18.096 7.44216 16.728 6.8653 15.372C6.28843 14.004 6 12.696 6 11.448C6 10.632 6.14422 9.852 6.43265 9.132C6.72108 8.4 7.17777 7.728 7.81472 7.128C8.58388 6.372 9.42514 6 10.3145 6C10.651 6 10.9875 6.072 11.2879 6.216C11.6004 6.36 11.8768 6.576 12.0931 6.888L14.8813 10.812C15.0976 11.112 15.2539 11.388 15.362 11.652C15.4702 11.904 15.5303 12.156 15.5303 12.384C15.5303 12.672 15.4462 12.96 15.2779 13.236C15.1217 13.512 14.8933 13.8 14.6049 14.088L13.6915 15.036C13.5593 15.168 13.4992 15.324 13.4992 15.516C13.4992 15.612 13.5113 15.696 13.5353 15.792C13.5714 15.888 13.6074 15.96 13.6314 16.032C13.8478 16.428 14.2203 16.944 14.7491 17.568C15.2899 18.192 15.8668 18.828 16.4917 19.464C17.1407 20.1 17.7656 20.688 18.4026 21.228C19.0275 21.756 19.5443 22.116 19.9529 22.332C20.013 22.356 20.0851 22.392 20.1693 22.428C20.2654 22.464 20.3615 22.476 20.4697 22.476C20.674 22.476 20.8302 22.404 20.9624 22.272L21.8758 21.372C22.1763 21.072 22.4647 20.844 22.7411 20.7C23.0175 20.532 23.2939 20.448 23.5944 20.448C23.8227 20.448 24.0631 20.496 24.3275 20.604C24.5919 20.712 24.8683 20.868 25.1688 21.072L29.1467 23.892C29.4592 24.108 29.6755 24.36 29.8077 24.66C29.9279 24.96 30 25.26 30 25.596Z\" stroke=\"white\" stroke-width=\"2\" stroke-miterlimit=\"10\"><\/path><\/svg>\t\t\t\t<\/a>\n\t\t\t<\/div>\n\t\t\t\n\t\t\t\n\t\t<\/div>\n\t\t\t\t<\/div>\n\t\t\t\t<\/div>\n\t\t\t\t<div class=\"elementor-element elementor-element-1d1c06c elementor-view-framed elementor-shape-square whatsapp elementor-position-top elementor-mobile-position-top elementor-widget elementor-widget-icon-box\" data-id=\"1d1c06c\" data-element_type=\"widget\" data-widget_type=\"icon-box.default\">\n\t\t\t\t<div class=\"elementor-widget-container\">\n\t\t\t\t\t<div class=\"elementor-icon-box-wrapper\">\n\n\t\t\t\t\t\t<div class=\"elementor-icon-box-icon\">\n\t\t\t\t<a href=\"http:\/\/wa.me\/+351926531720\" class=\"elementor-icon elementor-animation-\" tabindex=\"-1\">\n\t\t\t\t<svg xmlns=\"http:\/\/www.w3.org\/2000\/svg\" width=\"36\" height=\"36\" viewBox=\"0 0 36 36\" fill=\"none\"><path d=\"M18.0503 6C11.4635 6 6.10297 11.1631 6.10065 17.5084C6.0991 19.5375 6.65032 21.5179 7.69548 23.2622L6 29.2258L12.3352 27.6255C14.0975 28.5474 16.0569 29.0282 18.0457 29.0268H18.0503C24.6372 29.0268 29.9977 23.863 30 17.5177C30.0015 14.4441 28.7597 11.551 26.503 9.37626C24.247 7.20077 21.247 6.00077 18.0503 6ZM18.0503 27.0828H18.0465C16.2643 27.0828 14.5161 26.6214 12.991 25.7497L12.6271 25.5422L8.86916 26.4914L9.87252 22.961L9.63639 22.5995C8.64457 21.0868 8.11659 19.3172 8.11742 17.5084C8.11974 12.2338 12.576 7.944 18.0542 7.944C20.7066 7.94477 23.2003 8.94116 25.0761 10.7489C26.952 12.5566 27.984 14.9605 27.9825 17.5169C27.9801 22.7915 23.5246 27.0828 18.0495 27.0828H18.0503ZM23.4983 19.9177C23.1995 19.7745 21.7316 19.0785 21.4575 18.9817C21.1843 18.8865 20.9853 18.8369 20.7863 19.1249C20.5881 19.4129 20.0152 20.0609 19.8418 20.2521C19.6668 20.4441 19.4926 20.4674 19.1938 20.3241C18.895 20.1801 17.9326 19.8766 16.793 18.8965C15.905 18.1347 15.3058 17.1933 15.1316 16.9045C14.9574 16.6173 15.113 16.4617 15.2625 16.3185C15.3964 16.1907 15.5613 15.9832 15.7099 15.8152C15.8586 15.6472 15.9081 15.5272 16.0088 15.3352C16.1079 15.144 16.0583 14.9752 15.9832 14.832C15.9081 14.6872 15.312 13.272 15.0619 12.6968C14.8204 12.1363 14.5742 12.2114 14.3907 12.2021C14.2165 12.1943 14.0183 12.192 13.8178 12.192C13.6204 12.192 13.296 12.264 13.0219 12.552C12.7486 12.84 11.9768 13.5352 11.9768 14.9505C11.9768 16.3665 13.0467 17.7337 13.1961 17.9257C13.3455 18.1169 15.3019 21.0225 18.2973 22.2689C19.0095 22.5639 19.5654 22.7412 19.9997 22.8743C20.7151 23.0934 21.3662 23.0617 21.8803 22.9881C22.4532 22.9053 23.647 22.2929 23.8947 21.6217C24.144 20.9505 24.144 20.3745 24.0697 20.2545C23.9969 20.1345 23.7972 20.0625 23.4983 19.9177Z\" fill=\"white\"><\/path><\/svg>\t\t\t\t<\/a>\n\t\t\t<\/div>\n\t\t\t\n\t\t\t\n\t\t<\/div>\n\t\t\t\t<\/div>\n\t\t\t\t<\/div>\n\t\t\t\t<div class=\"elementor-element elementor-element-0c3ff92 elementor-view-framed elementor-shape-square email elementor-position-top elementor-mobile-position-top elementor-widget elementor-widget-icon-box\" data-id=\"0c3ff92\" data-element_type=\"widget\" data-widget_type=\"icon-box.default\">\n\t\t\t\t<div class=\"elementor-widget-container\">\n\t\t\t\t\t<div class=\"elementor-icon-box-wrapper\">\n\n\t\t\t\t\t\t<div class=\"elementor-icon-box-icon\">\n\t\t\t\t<a href=\"mailto:geral@nogueiraeribeiro.pt\" class=\"elementor-icon elementor-animation-\" tabindex=\"-1\">\n\t\t\t\t<svg xmlns=\"http:\/\/www.w3.org\/2000\/svg\" width=\"36\" height=\"36\" viewBox=\"0 0 36 36\" fill=\"none\"><rect x=\"5.3335\" y=\"8.5\" width=\"25.3333\" height=\"19\" rx=\"2\" stroke=\"white\" stroke-width=\"2\"><\/rect><path d=\"M5.3335 13.25L17.1057 19.1361C17.6688 19.4176 18.3315 19.4176 18.8946 19.1361L30.6668 13.25\" stroke=\"white\" stroke-width=\"2\"><\/path><\/svg>\t\t\t\t<\/a>\n\t\t\t<\/div>\n\t\t\t\n\t\t\t\n\t\t<\/div>\n\t\t\t\t<\/div>\n\t\t\t\t<\/div>\n\t\t\t\t<div class=\"elementor-element elementor-element-095a8cc elementor-widget__width-initial elementor-absolute tooltip-telefone elementor-widget elementor-widget-text-editor\" data-id=\"095a8cc\" data-element_type=\"widget\" data-settings=\"{&quot;_position&quot;:&quot;absolute&quot;}\" data-widget_type=\"text-editor.default\">\n\t\t\t\t<div class=\"elementor-widget-container\">\n\t\t\t\t\t\t\t<p style=\"margin-bottom: 10px;\"><strong>Telefone<\/strong><\/p><p>Entre em contacto por telefone para consulta dos produtos dispon\u00edveis, esclarecimento de d\u00favidas, solicita\u00e7\u00e3o de or\u00e7amentos ou outras quest\u00f5es.<\/p>\t\t\t\t\t\t<\/div>\n\t\t\t\t<\/div>\n\t\t\t\t<div class=\"elementor-element elementor-element-a220602 elementor-widget__width-initial elementor-absolute tooltip-whatsapp elementor-widget elementor-widget-text-editor\" data-id=\"a220602\" data-element_type=\"widget\" data-settings=\"{&quot;_position&quot;:&quot;absolute&quot;}\" data-widget_type=\"text-editor.default\">\n\t\t\t\t<div class=\"elementor-widget-container\">\n\t\t\t\t\t\t\t<p style=\"margin-bottom: 10px;\"><strong>Whatsapp<\/strong><\/p><p>Entre em contacto por Whatsapp para consulta dos produtos dispon\u00edveis, esclarecimento de d\u00favidas, solicita\u00e7\u00e3o de or\u00e7amentos ou outras quest\u00f5es.<\/p>\t\t\t\t\t\t<\/div>\n\t\t\t\t<\/div>\n\t\t\t\t<div class=\"elementor-element elementor-element-1223eb0 elementor-widget__width-initial elementor-absolute tooltip-email elementor-widget elementor-widget-text-editor\" data-id=\"1223eb0\" data-element_type=\"widget\" data-settings=\"{&quot;_position&quot;:&quot;absolute&quot;}\" data-widget_type=\"text-editor.default\">\n\t\t\t\t<div class=\"elementor-widget-container\">\n\t\t\t\t\t\t\t<p style=\"margin-bottom: 10px;\"><strong>Email<\/strong><\/p><p>Entre em contacto por email para consulta dos produtos dispon\u00edveis, esclarecimento de d\u00favidas, solicita\u00e7\u00e3o de or\u00e7amentos ou outras quest\u00f5es.<\/p>\t\t\t\t\t\t<\/div>\n\t\t\t\t<\/div>\n\t\t\t\t\t<\/div>\n\t\t\t\t<\/div>\n\t\t<div class=\"elementor-element elementor-element-4fbc4d6 elementor-hidden-desktop e-flex e-con-boxed e-con e-parent\" data-id=\"4fbc4d6\" data-element_type=\"container\">\n\t\t\t\t\t<div class=\"e-con-inner\">\n\t\t\t\t<div class=\"elementor-element elementor-element-5a19207 elementor-widget-tablet__width-initial elementor-widget elementor-widget-n-accordion\" data-id=\"5a19207\" data-element_type=\"widget\" data-settings=\"{&quot;default_state&quot;:&quot;all_collapsed&quot;,&quot;max_items_expended&quot;:&quot;one&quot;,&quot;n_accordion_animation_duration&quot;:{&quot;unit&quot;:&quot;ms&quot;,&quot;size&quot;:400,&quot;sizes&quot;:[]}}\" data-widget_type=\"nested-accordion.default\">\n\t\t\t\t<div class=\"elementor-widget-container\">\n\t\t\t\t\t<div class=\"e-n-accordion\" aria-label=\"Accordion. Open links with Enter or Space, close with Escape, and navigate with Arrow Keys\">\n\t\t\t\t\t\t<details id=\"e-n-accordion-item-9440\" class=\"e-n-accordion-item\" >\n\t\t\t\t<summary class=\"e-n-accordion-item-title\" data-accordion-index=\"1\" tabindex=\"0\" aria-expanded=\"false\" aria-controls=\"e-n-accordion-item-9440\" >\n\t\t\t\t\t<span class='e-n-accordion-item-title-header'><div class=\"e-n-accordion-item-title-text\">  <\/div><\/span>\n\t\t\t\t\t\t\t<span class='e-n-accordion-item-title-icon'>\n\t\t\t<span class='e-opened' ><svg xmlns=\"http:\/\/www.w3.org\/2000\/svg\" xmlns:xlink=\"http:\/\/www.w3.org\/1999\/xlink\" id=\"Layer_1\" x=\"0px\" y=\"0px\" viewBox=\"0 0 24 24\" style=\"enable-background:new 0 0 24 24;\" xml:space=\"preserve\"><style type=\"text\/css\">\t.st0{fill-rule:evenodd;clip-rule:evenodd;fill:#FFFFFF;}<\/style><path class=\"st0\" d=\"M6,9l1.1-1l5.5,5.9L18,8l1.1,1L12.5,16L6,9z\"><\/path><\/svg><\/span>\n\t\t\t<span class='e-closed'><svg xmlns=\"http:\/\/www.w3.org\/2000\/svg\" width=\"36\" height=\"36\" viewBox=\"0 0 36 36\" fill=\"none\"><path d=\"M18 22.4V18M18 13.6H18.011M29 18C29 24.0751 24.0751 29 18 29C11.9249 29 7 24.0751 7 18C7 11.9249 11.9249 7 18 7C24.0751 7 29 11.9249 29 18Z\" stroke=\"white\" stroke-width=\"2\" stroke-linecap=\"round\" stroke-linejoin=\"round\"><\/path><\/svg><\/span>\n\t\t<\/span>\n\n\t\t\t\t\t\t<\/summary>\n\t\t\t\t<div role=\"region\" aria-labelledby=\"e-n-accordion-item-9440\" class=\"elementor-element elementor-element-e045916 e-con-full e-flex e-con e-child\" data-id=\"e045916\" data-element_type=\"container\">\n\t\t<div role=\"region\" aria-labelledby=\"e-n-accordion-item-9440\" class=\"elementor-element elementor-element-6f57ebf e-flex e-con-boxed e-con e-child\" data-id=\"6f57ebf\" data-element_type=\"container\">\n\t\t\t\t\t<div class=\"e-con-inner\">\n\t\t\t\t<div class=\"elementor-element elementor-element-8132e29 elementor-view-framed elementor-shape-square elementor-position-top elementor-mobile-position-top elementor-widget elementor-widget-icon-box\" data-id=\"8132e29\" data-element_type=\"widget\" data-widget_type=\"icon-box.default\">\n\t\t\t\t<div class=\"elementor-widget-container\">\n\t\t\t\t\t<div class=\"elementor-icon-box-wrapper\">\n\n\t\t\t\t\t\t<div class=\"elementor-icon-box-icon\">\n\t\t\t\t<a href=\"tel:+351255721205\" class=\"elementor-icon elementor-animation-\" tabindex=\"-1\">\n\t\t\t\t<svg xmlns=\"http:\/\/www.w3.org\/2000\/svg\" width=\"36\" height=\"36\" viewBox=\"0 0 36 36\" fill=\"none\"><path d=\"M30 25.596C30 26.028 29.9039 26.472 29.6995 26.904C29.4952 27.336 29.2308 27.744 28.8823 28.128C28.2934 28.776 27.6445 29.244 26.9114 29.544C26.1903 29.844 25.4091 30 24.5679 30C23.342 30 22.032 29.712 20.65 29.124C19.2679 28.536 17.8858 27.744 16.5158 26.748C15.1194 25.7281 13.8017 24.605 12.5739 23.388C11.3586 22.1664 10.2377 20.8547 9.22083 19.464C8.23535 18.096 7.44216 16.728 6.8653 15.372C6.28843 14.004 6 12.696 6 11.448C6 10.632 6.14422 9.852 6.43265 9.132C6.72108 8.4 7.17777 7.728 7.81472 7.128C8.58388 6.372 9.42514 6 10.3145 6C10.651 6 10.9875 6.072 11.2879 6.216C11.6004 6.36 11.8768 6.576 12.0931 6.888L14.8813 10.812C15.0976 11.112 15.2539 11.388 15.362 11.652C15.4702 11.904 15.5303 12.156 15.5303 12.384C15.5303 12.672 15.4462 12.96 15.2779 13.236C15.1217 13.512 14.8933 13.8 14.6049 14.088L13.6915 15.036C13.5593 15.168 13.4992 15.324 13.4992 15.516C13.4992 15.612 13.5113 15.696 13.5353 15.792C13.5714 15.888 13.6074 15.96 13.6314 16.032C13.8478 16.428 14.2203 16.944 14.7491 17.568C15.2899 18.192 15.8668 18.828 16.4917 19.464C17.1407 20.1 17.7656 20.688 18.4026 21.228C19.0275 21.756 19.5443 22.116 19.9529 22.332C20.013 22.356 20.0851 22.392 20.1693 22.428C20.2654 22.464 20.3615 22.476 20.4697 22.476C20.674 22.476 20.8302 22.404 20.9624 22.272L21.8758 21.372C22.1763 21.072 22.4647 20.844 22.7411 20.7C23.0175 20.532 23.2939 20.448 23.5944 20.448C23.8227 20.448 24.0631 20.496 24.3275 20.604C24.5919 20.712 24.8683 20.868 25.1688 21.072L29.1467 23.892C29.4592 24.108 29.6755 24.36 29.8077 24.66C29.9279 24.96 30 25.26 30 25.596Z\" stroke=\"white\" stroke-width=\"2\" stroke-miterlimit=\"10\"><\/path><\/svg>\t\t\t\t<\/a>\n\t\t\t<\/div>\n\t\t\t\n\t\t\t\n\t\t<\/div>\n\t\t\t\t<\/div>\n\t\t\t\t<\/div>\n\t\t\t\t<div class=\"elementor-element elementor-element-49cebaa elementor-view-framed elementor-shape-square elementor-position-top elementor-mobile-position-top elementor-widget elementor-widget-icon-box\" data-id=\"49cebaa\" data-element_type=\"widget\" data-widget_type=\"icon-box.default\">\n\t\t\t\t<div class=\"elementor-widget-container\">\n\t\t\t\t\t<div class=\"elementor-icon-box-wrapper\">\n\n\t\t\t\t\t\t<div class=\"elementor-icon-box-icon\">\n\t\t\t\t<a href=\"http:\/\/wa.me\/+351926531720\" class=\"elementor-icon elementor-animation-\" tabindex=\"-1\">\n\t\t\t\t<svg xmlns=\"http:\/\/www.w3.org\/2000\/svg\" width=\"36\" height=\"36\" viewBox=\"0 0 36 36\" fill=\"none\"><path d=\"M18.0503 6C11.4635 6 6.10297 11.1631 6.10065 17.5084C6.0991 19.5375 6.65032 21.5179 7.69548 23.2622L6 29.2258L12.3352 27.6255C14.0975 28.5474 16.0569 29.0282 18.0457 29.0268H18.0503C24.6372 29.0268 29.9977 23.863 30 17.5177C30.0015 14.4441 28.7597 11.551 26.503 9.37626C24.247 7.20077 21.247 6.00077 18.0503 6ZM18.0503 27.0828H18.0465C16.2643 27.0828 14.5161 26.6214 12.991 25.7497L12.6271 25.5422L8.86916 26.4914L9.87252 22.961L9.63639 22.5995C8.64457 21.0868 8.11659 19.3172 8.11742 17.5084C8.11974 12.2338 12.576 7.944 18.0542 7.944C20.7066 7.94477 23.2003 8.94116 25.0761 10.7489C26.952 12.5566 27.984 14.9605 27.9825 17.5169C27.9801 22.7915 23.5246 27.0828 18.0495 27.0828H18.0503ZM23.4983 19.9177C23.1995 19.7745 21.7316 19.0785 21.4575 18.9817C21.1843 18.8865 20.9853 18.8369 20.7863 19.1249C20.5881 19.4129 20.0152 20.0609 19.8418 20.2521C19.6668 20.4441 19.4926 20.4674 19.1938 20.3241C18.895 20.1801 17.9326 19.8766 16.793 18.8965C15.905 18.1347 15.3058 17.1933 15.1316 16.9045C14.9574 16.6173 15.113 16.4617 15.2625 16.3185C15.3964 16.1907 15.5613 15.9832 15.7099 15.8152C15.8586 15.6472 15.9081 15.5272 16.0088 15.3352C16.1079 15.144 16.0583 14.9752 15.9832 14.832C15.9081 14.6872 15.312 13.272 15.0619 12.6968C14.8204 12.1363 14.5742 12.2114 14.3907 12.2021C14.2165 12.1943 14.0183 12.192 13.8178 12.192C13.6204 12.192 13.296 12.264 13.0219 12.552C12.7486 12.84 11.9768 13.5352 11.9768 14.9505C11.9768 16.3665 13.0467 17.7337 13.1961 17.9257C13.3455 18.1169 15.3019 21.0225 18.2973 22.2689C19.0095 22.5639 19.5654 22.7412 19.9997 22.8743C20.7151 23.0934 21.3662 23.0617 21.8803 22.9881C22.4532 22.9053 23.647 22.2929 23.8947 21.6217C24.144 20.9505 24.144 20.3745 24.0697 20.2545C23.9969 20.1345 23.7972 20.0625 23.4983 19.9177Z\" fill=\"white\"><\/path><\/svg>\t\t\t\t<\/a>\n\t\t\t<\/div>\n\t\t\t\n\t\t\t\n\t\t<\/div>\n\t\t\t\t<\/div>\n\t\t\t\t<\/div>\n\t\t\t\t<div class=\"elementor-element elementor-element-83df2cb elementor-view-framed elementor-shape-square elementor-position-top elementor-mobile-position-top elementor-widget elementor-widget-icon-box\" data-id=\"83df2cb\" data-element_type=\"widget\" data-widget_type=\"icon-box.default\">\n\t\t\t\t<div class=\"elementor-widget-container\">\n\t\t\t\t\t<div class=\"elementor-icon-box-wrapper\">\n\n\t\t\t\t\t\t<div class=\"elementor-icon-box-icon\">\n\t\t\t\t<a href=\"mailto:geral@nogueiraeribeiro.pt\" class=\"elementor-icon elementor-animation-\" tabindex=\"-1\">\n\t\t\t\t<svg xmlns=\"http:\/\/www.w3.org\/2000\/svg\" width=\"36\" height=\"36\" viewBox=\"0 0 36 36\" fill=\"none\"><rect x=\"5.3335\" y=\"8.5\" width=\"25.3333\" height=\"19\" rx=\"2\" stroke=\"white\" stroke-width=\"2\"><\/rect><path d=\"M5.3335 13.25L17.1057 19.1361C17.6688 19.4176 18.3315 19.4176 18.8946 19.1361L30.6668 13.25\" stroke=\"white\" stroke-width=\"2\"><\/path><\/svg>\t\t\t\t<\/a>\n\t\t\t<\/div>\n\t\t\t\n\t\t\t\n\t\t<\/div>\n\t\t\t\t<\/div>\n\t\t\t\t<\/div>\n\t\t\t\t\t<\/div>\n\t\t\t\t<\/div>\n\t\t\t\t<\/div>\n\t\t\t\t\t<\/details>\n\t\t\t\t\t<\/div>\n\t\t\t\t<\/div>\n\t\t\t\t<\/div>\n\t\t\t\t\t<\/div>\n\t\t\t\t<\/div>\n\t\t\t\t<\/div>\n\t\t\t\t<\/div>\n\t\t\t\t<\/div>\n\t\t\t\t<\/div>\n\t\t\t\t\t<\/div>\n\t\t\t\t<\/div>\n\t\t\t\t<\/div>\n\t\t","protected":false},"excerpt":{"rendered":"<p>Pol\u00edtica de Privacidade Amet minim mollit non deserunt ullamco est sit aliqua dolor do amet sint. Velit officia consequat duis enim velit mollit. Exercitation veniam consequat sunt nostrud amet. Ullamco laboris nisi ut aliquip ex ea commodo consequat. Duis aute irure dolor in reprehenderit in voluptate velit esse cillum dolore eu fugiat nulla pariatur. Quem [&hellip;]<\/p>\n","protected":false},"author":1,"featured_media":0,"parent":0,"menu_order":0,"comment_status":"closed","ping_status":"closed","template":"","meta":{"_acf_changed":false,"footnotes":""},"class_list":["post-1512","page","type-page","status-publish","hentry"],"acf":[],"_links":{"self":[{"href":"https:\/\/nogueiraeribeiro.pt\/en\/wp-json\/wp\/v2\/pages\/1512","targetHints":{"allow":["GET"]}}],"collection":[{"href":"https:\/\/nogueiraeribeiro.pt\/en\/wp-json\/wp\/v2\/pages"}],"about":[{"href":"https:\/\/nogueiraeribeiro.pt\/en\/wp-json\/wp\/v2\/types\/page"}],"author":[{"embeddable":true,"href":"https:\/\/nogueiraeribeiro.pt\/en\/wp-json\/wp\/v2\/users\/1"}],"replies":[{"embeddable":true,"href":"https:\/\/nogueiraeribeiro.pt\/en\/wp-json\/wp\/v2\/comments?post=1512"}],"version-history":[{"count":1,"href":"https:\/\/nogueiraeribeiro.pt\/en\/wp-json\/wp\/v2\/pages\/1512\/revisions"}],"predecessor-version":[{"id":1513,"href":"https:\/\/nogueiraeribeiro.pt\/en\/wp-json\/wp\/v2\/pages\/1512\/revisions\/1513"}],"wp:attachment":[{"href":"https:\/\/nogueiraeribeiro.pt\/en\/wp-json\/wp\/v2\/media?parent=1512"}],"curies":[{"name":"wp","href":"https:\/\/api.w.org\/{rel}","templated":true}]}}